{"id":3,"date":"2026-04-13T17:47:42","date_gmt":"2026-04-13T17:47:42","guid":{"rendered":"https:\/\/klangmechanik.de\/?page_id=3"},"modified":"2026-04-17T10:09:55","modified_gmt":"2026-04-17T08:09:55","slug":"privacy-policy","status":"publish","type":"page","link":"https:\/\/klangmechanik.de\/en\/privacy-policy\/","title":{"rendered":"Privacy Policy"},"content":{"rendered":"<figure class=\"wp-block-image size-full is-resized ext-animate--on\"><img loading=\"lazy\" decoding=\"async\" width=\"1290\" height=\"954\" src=\"https:\/\/klangmechanik.de\/wp-content\/uploads\/2026\/04\/IMG_0699-1.jpeg\" alt=\"\" class=\"wp-image-147\" style=\"aspect-ratio:1.0181577140692692;width:556px;height:auto\" srcset=\"https:\/\/klangmechanik.de\/wp-content\/uploads\/2026\/04\/IMG_0699-1.jpeg 1290w, https:\/\/klangmechanik.de\/wp-content\/uploads\/2026\/04\/IMG_0699-1-300x222.jpeg 300w, https:\/\/klangmechanik.de\/wp-content\/uploads\/2026\/04\/IMG_0699-1-1024x757.jpeg 1024w, https:\/\/klangmechanik.de\/wp-content\/uploads\/2026\/04\/IMG_0699-1-768x568.jpeg 768w, https:\/\/klangmechanik.de\/wp-content\/uploads\/2026\/04\/IMG_0699-1-16x12.jpeg 16w\" sizes=\"auto, (max-width: 1290px) 100vw, 1290px\" \/><figcaption class=\"wp-element-caption\">Screenshot<\/figcaption><\/figure>\n\n\n\n<p class=\"ext-animate--on\"><strong>DISCLAIMER<\/strong><\/p>\n\n\n\n<p class=\"ext-animate--on\">Haftung f\u00fcr Inhalte<br>Die Inhalte unserer Seiten wurden mit gr\u00f6\u00dfter Sorgfalt erstellt. F\u00fcr die Richtigkeit, Vollst\u00e4ndigkeit und Aktualit\u00e4t der Inhalte k\u00f6nnen wir jedoch keine Gew\u00e4hr \u00fcbernehmen.<\/p>\n\n\n\n<p class=\"ext-animate--on\">Haftung f\u00fcr Links<br>Unsere Website enth\u00e4lt Links zu externen Websites Dritter, auf deren Inhalte wir keinen Einfluss haben. Deshalb k\u00f6nnen wir f\u00fcr diese fremden Inhalte auch keine Gew\u00e4hr \u00fcbernehmen.<\/p>\n\n\n\n<p class=\"ext-animate--on\">Urheberrecht<br>Die durch den Seitenbetreiber erstellten Inhalte und Werke auf diesen Seiten unterliegen dem deutschen Urheberrecht.<\/p>\n\n\n\n<p class=\"ext-animate--on\"><strong>DATENSCHUTZ<\/strong> <\/p>\n\n\n\n<p class=\"ext-animate--on\">Diese Website verarbeitet keine personenbezogenen Daten ohne Einwilligung.<br>Beim Aufruf der Website k\u00f6nnen technische Daten (IP-Adresse, Browser) durch den Hostinganbieter verarbeitet werden.<\/p>\n\n\n\n<p class=\"ext-animate--on\">Bei Kontaktaufnahme per E-Mail werden die Angaben zur Bearbeitung der Anfrage gespeichert.<\/p>\n\n\n\n<p class=\"ext-animate--on\"><strong>Barrierefreiheit<\/strong><br>Wir sind bem\u00fcht, unsere Website barrierefrei zug\u00e4nglich zu machen.<br>Sollten Ihnen Barrieren auffallen, kontaktieren Sie uns bitte unter:<\/p>\n\n\n\n<p class=\"ext-animate--on\"><a>info@klangmechanik.de<\/a><\/p>","protected":false},"excerpt":{"rendered":"<p>DISCLAIMER Haftung f\u00fcr InhalteDie Inhalte unserer Seiten wurden mit gr\u00f6\u00dfter Sorgfalt erstellt. F\u00fcr die Richtigkeit, Vollst\u00e4ndigkeit und Aktualit\u00e4t der Inhalte k\u00f6nnen wir jedoch keine Gew\u00e4hr \u00fcbernehmen. Haftung f\u00fcr LinksUnsere Website enth\u00e4lt Links zu externen Websites Dritter, auf deren Inhalte wir keinen Einfluss haben. Deshalb k\u00f6nnen wir f\u00fcr diese fremden Inhalte auch keine Gew\u00e4hr \u00fcbernehmen. UrheberrechtDie [&hellip;]<\/p>\n","protected":false},"author":1,"featured_media":0,"parent":0,"menu_order":0,"comment_status":"closed","ping_status":"open","template":"","meta":{"footnotes":""},"class_list":["post-3","page","type-page","status-publish","hentry"],"_links":{"self":[{"href":"https:\/\/klangmechanik.de\/en\/wp-json\/wp\/v2\/pages\/3","targetHints":{"allow":["GET"]}}],"collection":[{"href":"https:\/\/klangmechanik.de\/en\/wp-json\/wp\/v2\/pages"}],"about":[{"href":"https:\/\/klangmechanik.de\/en\/wp-json\/wp\/v2\/types\/page"}],"author":[{"embeddable":true,"href":"https:\/\/klangmechanik.de\/en\/wp-json\/wp\/v2\/users\/1"}],"replies":[{"embeddable":true,"href":"https:\/\/klangmechanik.de\/en\/wp-json\/wp\/v2\/comments?post=3"}],"version-history":[{"count":3,"href":"https:\/\/klangmechanik.de\/en\/wp-json\/wp\/v2\/pages\/3\/revisions"}],"predecessor-version":[{"id":289,"href":"https:\/\/klangmechanik.de\/en\/wp-json\/wp\/v2\/pages\/3\/revisions\/289"}],"wp:attachment":[{"href":"https:\/\/klangmechanik.de\/en\/wp-json\/wp\/v2\/media?parent=3"}],"curies":[{"name":"wp","href":"https:\/\/api.w.org\/{rel}","templated":true}]}}